{"id":32,"date":"2019-06-10T13:50:40","date_gmt":"2019-06-10T13:50:40","guid":{"rendered":"http:\/\/palatina-classics.de\/?page_id=32"},"modified":"2026-03-20T11:02:32","modified_gmt":"2026-03-20T11:02:32","slug":"info-fuer-die-teilnehmer","status":"publish","type":"page","link":"https:\/\/heidlauf-classics.de\/?page_id=32","title":{"rendered":"Informationen f\u00fcr die Teilnehmer"},"content":{"rendered":"\n<p><\/p>\n\n\n\n<p><strong>Zu beachten<br><\/strong><br>Haftungsfreizeichnung, es wird lediglich eine Routenempfehlung mit v\u00f6llig unverbindlichen Tipps zur Verf\u00fcgung gestellt. Die Ausrichter der einzelnen Stopps stehen in eigener Verantwortung.<\/p>\n\n\n\n<p>Die Routenempfehlung geht \u00fcber \u00f6ffentliche Stra\u00dfen, es gibt keinerlei<br>Sonderrechte, hier sind die Regeln der StVO, StVZO zu beachten.<br><br><em><strong>Keine Teilnahmegeb\u00fchr<\/strong><\/em>, <strong><em>keine Anmeldung<\/em><\/strong><\/p>\n\n\n\n<p>Ziel ist es, Oldtimerfreunden von nah und fern, sowie den Bewohnern der S\u00fcdlichen Weinstra\u00dfe die M\u00f6glichkeit zu geben, automobiles Kulturgut zu erleben. Jeder bef\u00e4hrt nach eigener Vorstellung die Strecke oder macht am Rand halt, um das fahrende Museum zu bewundern und genie\u00dft die einzelnen Stopps.<\/p>\n\n\n\n<p><strong>Zeitfenster<\/strong> <\/p>\n\n\n\n<p>12. &amp;. 13. September 2026 auf und an der S\u00fcdlichen Weinstra\u00dfe ab 10.00 Uhr, Ende offen.<\/p>\n\n\n\n<p><strong>Start \/ Ziel<\/strong> <strong>und Streckenf\u00fchrung<\/strong><\/p>\n\n\n\n<p>Es gibt KEINEN Beginn oder Ende der Strecke. Jeder bef\u00e4hrt die S\u00fcdliche Weinstra\u00dfe aus der Richtung, aus der er kommt und w\u00e4hlt seine Route und Stopps anhand der Karte aus. Siehe hierzu auch den Bereich &#8222;Karte &amp; Beschreibung der Stopps&#8220;. Die Strecke wird nur grob ausgepfeilt. Es empfiehlt sich daher eine Karte oder Navi mit an Bord zu haben und sich im Vorfeld \u00fcber die Strecke und deren Haltepunkte zu informieren.<\/p>\n\n\n\n<p><em><br><strong>Verpflegung &#8211; Gastronomie<\/strong><\/em><\/p>\n\n\n\n<p>Es werden Speisen und Getr\u00e4nke an der Route von Oldtimerclubs, den ortsans\u00e4ssigen Vereinen und touristischen Einrichtungen umfangreich angeboten. &nbsp;&nbsp;&nbsp;&nbsp;&nbsp;&nbsp;&nbsp;&nbsp;&nbsp;<\/p>\n\n\n\n<p><strong><em>Wei<\/em>teres<\/strong><\/p>\n\n\n\n<p>Am Streckenverlauf wird es unz\u00e4hlige Sehensw\u00fcrdigkeiten und zum Teil private Sammlungen geben, die f\u00fcr das Publikum ge\u00f6ffnet werden. Clubs, Museen und IG&#8217;s, sowie Firmen aus dem Oldtimerbereich pr\u00e4sentieren sich.<\/p>\n\n\n\n<p>Es finden unterschiedliche Abendveranstaltungen statt.<\/p>\n\n\n\n<p>Siehe hierzu auch die einzelnen Attraktionen mit Kurzbeschreibung und Adresse unter dem Bereich &#8222;Karte &amp; Beschreibung der Stopps&#8220;.<\/p>\n\n\n\n<p><em><strong>\u00dcbernachtungsm\u00f6glichkeite<\/strong><\/em>n<\/p>\n\n\n\n<p>Einige Tipps finden Sie auf der Seite &#8222;Unterkunftsempfehlungen&#8220;. Schnell sein, im September ist touristische Hochphase an der S\u00fcdlichen Weinstra\u00dfe!<\/p>\n\n\n\n<p><\/p>\n\n\n\n<p>M\u00f6chten Sie die Heidlauf Classics mit ihrem Oldtimer, alleine oder mit Ihrem Club in der wundersch\u00f6nen Weingegend entlang der S\u00fcdlichen Weinstra\u00dfe bis zum benachbarten Elsass ausdehnen, helfen Ihnen die einzelnen Touristikb\u00fcros gerne mit weiteren Infos.<\/p>\n\n\n\n<p><\/p>\n","protected":false},"excerpt":{"rendered":"<p>Zu beachtenHaftungsfreizeichnung, es wird lediglich eine Routenempfehlung mit v\u00f6llig unverbindlichen Tipps zur Verf\u00fcgung gestellt. Die Ausrichter der einzelnen Stopps stehen in eigener Verantwortung. Die Routenempfehlung geht \u00fcber \u00f6ffentliche Stra\u00dfen, es gibt keinerleiSonderrechte, hier sind die Regeln der StVO, StVZO zu beachten. Keine Teilnahmegeb\u00fchr, keine Anmeldung Ziel ist es, Oldtimerfreunden von nah und fern, sowie den &hellip; <a href=\"https:\/\/heidlauf-classics.de\/?page_id=32\" class=\"more-link\"><span class=\"screen-reader-text\">&#8222;Informationen f\u00fcr die Teilnehmer&#8220; <\/span>weiterlesen<\/a><\/p>\n","protected":false},"author":1,"featured_media":0,"parent":0,"menu_order":0,"comment_status":"closed","ping_status":"closed","template":"","meta":{"footnotes":""},"class_list":["post-32","page","type-page","status-publish","hentry"],"_links":{"self":[{"href":"https:\/\/heidlauf-classics.de\/index.php?rest_route=\/wp\/v2\/pages\/32","targetHints":{"allow":["GET"]}}],"collection":[{"href":"https:\/\/heidlauf-classics.de\/index.php?rest_route=\/wp\/v2\/pages"}],"about":[{"href":"https:\/\/heidlauf-classics.de\/index.php?rest_route=\/wp\/v2\/types\/page"}],"author":[{"embeddable":true,"href":"https:\/\/heidlauf-classics.de\/index.php?rest_route=\/wp\/v2\/users\/1"}],"replies":[{"embeddable":true,"href":"https:\/\/heidlauf-classics.de\/index.php?rest_route=%2Fwp%2Fv2%2Fcomments&post=32"}],"version-history":[{"count":58,"href":"https:\/\/heidlauf-classics.de\/index.php?rest_route=\/wp\/v2\/pages\/32\/revisions"}],"predecessor-version":[{"id":5186,"href":"https:\/\/heidlauf-classics.de\/index.php?rest_route=\/wp\/v2\/pages\/32\/revisions\/5186"}],"wp:attachment":[{"href":"https:\/\/heidlauf-classics.de\/index.php?rest_route=%2Fwp%2Fv2%2Fmedia&parent=32"}],"curies":[{"name":"wp","href":"https:\/\/api.w.org\/{rel}","templated":true}]}}