{"id":1275,"date":"2021-11-25T19:43:27","date_gmt":"2021-11-25T19:43:27","guid":{"rendered":"https:\/\/palatina-classics.de\/?page_id=1275"},"modified":"2025-11-03T07:00:29","modified_gmt":"2025-11-03T07:00:29","slug":"uebernachtungen","status":"publish","type":"page","link":"https:\/\/heidlauf-classics.de\/?page_id=1275","title":{"rendered":"Unterkunftsempfehlungen"},"content":{"rendered":"\n<figure class=\"wp-block-gallery has-nested-images columns-default is-cropped wp-block-gallery-1 is-layout-flex wp-block-gallery-is-layout-flex\">\n<figure class=\"wp-block-image size-large\"><img loading=\"lazy\" decoding=\"async\" width=\"998\" height=\"654\" data-id=\"3478\" src=\"https:\/\/heidlauf-classics.de\/wp-content\/uploads\/2024\/02\/Screenshot_20240214_060911_Samsung-Internet-1.jpg\" alt=\"\" class=\"wp-image-3478\" srcset=\"https:\/\/heidlauf-classics.de\/wp-content\/uploads\/2024\/02\/Screenshot_20240214_060911_Samsung-Internet-1.jpg 998w, https:\/\/heidlauf-classics.de\/wp-content\/uploads\/2024\/02\/Screenshot_20240214_060911_Samsung-Internet-1-300x197.jpg 300w, https:\/\/heidlauf-classics.de\/wp-content\/uploads\/2024\/02\/Screenshot_20240214_060911_Samsung-Internet-1-768x503.jpg 768w\" sizes=\"auto, (max-width: 709px) 85vw, (max-width: 909px) 67vw, (max-width: 1362px) 62vw, 840px\" \/><\/figure>\n<\/figure>\n\n\n\n<p>Das Angebot reicht vom Campingplatz, \u00fcber eine pfalztypische Ferienwohnung, bis zu feinen Hotels. <\/p>\n\n\n\n<p>Achtung schnell sein! September ist in der S\u00fcdpfalz touristische Hochphase und die Zimmer erfahrungsgem\u00e4\u00df fr\u00fch ausgebucht! <\/p>\n\n\n\n<p><strong>Maximilians Boutique-Hotel Landau<\/strong>  Maximilianstra\u00dfe 28, 76829 Landau in der Pfalz  Telefon:&nbsp;(0049) 6341 269 29 21  E-Mail:&nbsp;<a href=\"javascript:void(0);\">hotel@maximilians-landau.de<\/a>  Website:&nbsp;<a rel=\"noreferrer noopener\" href=\"http:\/\/www.maximilians-landau.de\/\" target=\"_blank\">www.maximilians-landau.de<\/a>  <strong>&nbsp;<\/strong>  <\/p>\n\n\n\n<p> <strong>Zum Goldenen Ochsen<\/strong>  Marktstra\u00dfe 4, 67487 Maikammer, Deutschland  Telefon:&nbsp;<a href=\"tel:0049%206321%2058101\">(0049) 6321 58101<\/a>  E-Mail:&nbsp;<a href=\"javascript:void(0);\">kontakt@hotel-zum-goldenen-ochsen-maikammer.de<\/a>  Website: <a href=\"http:\/\/www.hotel-zum-goldenen-ochsen-maikammer.de\">www.hotel-zum-goldenen-ochsen-maikammer.de<\/a>  <\/p>\n\n\n\n<p><strong>Hotel Linde<\/strong>  Hauptstra\u00dfe 43 76857 Silz\/Pfalz  Telefon:&nbsp;0049 (0) 6346 5121  E-Mail:&nbsp;info@zurlinde-pfalz.de   Web: www.hotel-linde-pfalz.de &nbsp;  &nbsp; <\/p>\n\n\n\n<p><strong>Hotel Schloss Edesheim<\/strong>  Luitpoldstrasse 9, 67483 Edesheim, Deutschland  Telefon:&nbsp;(0049) 6323 94240   E-Mail:&nbsp;<a href=\"javascript:void(0);\">info@schloss-edesheim.de<\/a>  Website:&nbsp;<a rel=\"noreferrer noopener\" href=\"http:\/\/www.schloss-edesheim.de\/\" target=\"_blank\">www.schloss-edesheim.de<\/a>  &nbsp; <\/p>\n\n\n\n<p><strong>Hotel Soho<\/strong>  Marie-Curie-Str. 9, 76829 Landau, Deutschland  Telefon:&nbsp;(0049) 6341 141960   E-Mail:&nbsp;<a href=\"javascript:void(0);\">info@soho-landau.de<\/a>  Website:&nbsp;<a rel=\"noreferrer noopener\" href=\"http:\/\/soho-landau.de\/\" target=\"_blank\">soho-landau.de<\/a>  &nbsp;  <\/p>\n\n\n\n<p><strong>Hotel Schweigener Hof<\/strong>  Hauptstra\u00dfe 2, 76889 Schweigen-Rechtenbach  Telefon:&nbsp;(0049) 6342 9250   E-Mail:&nbsp;<a href=\"javascript:void(0);\">Hotel@schweigener-Hof.com<\/a>  Website:&nbsp;<a rel=\"noreferrer noopener\" href=\"http:\/\/www.schweigener-hof.com\/\" target=\"_blank\">www.schweigener-hof.com<\/a>  &nbsp;  <\/p>\n\n\n\n<p><strong>Hotel &amp; Appartements Amelie 1<\/strong> Otto Kie\u00dfling Stra\u00dfe 2, 76829 Landau in der Pfalz Telefon:&nbsp;(0049) 6341 2674733 E-Mail:&nbsp;<a href=\"javascript:void(0);\">hotel@amelie-landau.de<\/a> Website:&nbsp;<a href=\"http:\/\/www.hotelamelie-landau.de\/\" target=\"_blank\" rel=\"noreferrer noopener\">www.hotelamelie-landau.de<\/a> &nbsp;<strong>Rabatt mit Buchungscode: \u201eOldie139\u201c (10\u20ac pro Nacht, pro Zimmer)<\/strong><\/p>\n\n\n\n<p><strong>Hotel &amp; Appartements Amelie 3<\/strong> Baccusstra\u00dfe 1, 76889 Schweigen-Rechtenbach Telefon:&nbsp;(0049) 6342 94930-11 E-Mail:&nbsp;<a href=\"mailto:hotel@amelie-schweigen.de\">hotel@amelie-schweigen.de<\/a> Website:&nbsp;<a href=\"http:\/\/www.amelie-schweigen.de\">ww.amelie-schweigen.de<\/a> &nbsp;<strong>Rabatt mit Buchungscode: \u201eOldie139\u201c (10\u20ac pro Nacht, pro Zimmer)<\/strong><\/p>\n\n\n\n<p><strong>Hotel Das Prinzregent<\/strong>  Unter dem Kloster 1, 67480 Edenkoben  Telefon:&nbsp;(0049) 63239520   E-Mail:&nbsp;<a href=\"javascript:void(0);\">info@dasprinzregent.de<\/a>  Website:&nbsp;<a rel=\"noreferrer noopener\" href=\"http:\/\/www.dasprinzregent.de\/\" target=\"_blank\">www.dasprinzregent.de<\/a>  &nbsp;  <\/p>\n\n\n\n<p><strong>Hotel Arens 327<\/strong>  Oberst-Barret-Str. 1, 67487 St. Martin  Telefon:&nbsp;(0049) 6323 <a href=\"tel:0049%206323%209450\">9450<\/a>   E-Mail:&nbsp;<a href=\"javascript:void(0);\">info@hausamweinberg.de<\/a>  Website:&nbsp;<a rel=\"noreferrer noopener\" href=\"http:\/\/www.hausamweinberg.de\/\" target=\"_blank\">www.hausamweinberg.de<\/a>  <strong>&nbsp;<\/strong>  <\/p>\n\n\n\n<p><strong>Hotel Kurparkblick<\/strong>  Kurtalstra\u00dfe 47, 76887 Bad Bergzabern,  Telefon:&nbsp;(0049) 6343 9510413   E-Mail:&nbsp;<a href=\"javascript:void(0);\">info@hotel-kurpark.com<\/a>  Website:&nbsp;<a rel=\"noreferrer noopener\" href=\"http:\/\/www.hotel-kurpark.com\/\" target=\"_blank\">www.hotel-kurpark.com<\/a>  <strong>&nbsp;<\/strong>  <\/p>\n\n\n\n<p><strong>Jugendstilhotel Trifels<\/strong>  Kurhausstr. 25, 76855 Annweiler-Bindersbach  Telefon:&nbsp;<a href=\"tel:0049%206346%20308860\">(0049) 6346 308860<\/a>  E-Mail:&nbsp;<a href=\"javascript:void(0);\">info@jugendstilhotel-trifels.de<\/a>  Website:&nbsp;<a rel=\"noreferrer noopener\" href=\"http:\/\/www.kurhaus-trifels.de\/\" target=\"_blank\">www.kurhaus-trifels.de<\/a>  &nbsp;  <\/p>\n\n\n\n<p><strong>Schlosshotel Bergzaberner Hof<\/strong>  K\u00f6nigstra\u00dfe 55 &#8211; 57, 76887 Bad Bergzabern  Telefon:&nbsp;(0049) 6343 9365860   E-Mail:&nbsp;<a href=\"javascript:void(0);\">info@bergzaberner-hof.de<\/a>  Website:&nbsp;<a rel=\"noreferrer noopener\" href=\"http:\/\/www.bergzaberner-hof.de\/\" target=\"_blank\">www.bergzaberner-hof.de<\/a>  &nbsp;  <\/p>\n\n\n\n<p><strong>Hotel Residenz Immenhof<\/strong>  Immengartenstra\u00dfe 26, 67487 Maikammer  Telefon:&nbsp;(0049) 6321\/9550  E-Mail:&nbsp;<a rel=\"noreferrer noopener\" href=\"mailto:info@hotel-immenhof.de\" target=\"_blank\">info@hotel-immenhof.de<\/a>   Website:&nbsp;<a rel=\"noreferrer noopener\" href=\"https:\/\/deref-web.de\/mail\/client\/92CCUTdMqUg\/dereferrer\/?redirectUrl=http%3A%2F%2Fwww.hotel-immenhof.de\" target=\"_blank\">www.hotel-immenhof.de<\/a><strong> <\/strong>     <\/p>\n\n\n\n<p><strong>Pension Bergterrasse<\/strong>  Trifelsstra\u00dfe 8, 76855 Annweiler  Telefon:&nbsp;(0049) 6346\/7219  E-Mail: michel@pension-bergterrasse.de   Website:&nbsp;<a rel=\"noreferrer noopener\" href=\"https:\/\/deref-web.de\/mail\/client\/gPWvJFCSVXc\/dereferrer\/?redirectUrl=http%3A%2F%2Fwww.pension-bergterrasse.de\" target=\"_blank\">www.pension-bergterrasse.de<\/a>  <\/p>\n\n\n\n<p><strong>Die Heilsbach<\/strong> (bis zu 12 Bettenzimmer)         An der Heilsbach, 66996 Sch\u00f6nau\/Pfalz  Telefon:&nbsp;(0049) 06393\/802-0  E-Mail: <em>&nbsp;<\/em><a rel=\"noreferrer noopener\" href=\"mailto:rezeption@dieheilsbach.de\" target=\"_blank\"><\/a><a rel=\"noreferrer noopener\" href=\"mailto:info@dieheilsbach.de\" target=\"_blank\">info@dieheilsbach.de<\/a>  Website:&nbsp;<a rel=\"noreferrer noopener\" href=\"https:\/\/deref-web.de\/mail\/client\/gPWvJFCSVXc\/dereferrer\/?redirectUrl=http%3A%2F%2Fwww.pension-bergterrasse.de\" target=\"_blank\"><\/a><a rel=\"noreferrer noopener\" href=\"https:\/\/deref-web.de\/mail\/client\/L-JsK6gSSCc\/dereferrer\/?redirectUrl=http%3A%2F%2Fwww.heilsbach-schoenau.de%2F\" target=\"_blank\">www.heilsbach-schoenau.de<\/a>  <\/p>\n\n\n\n<p><strong>Campingplatz Wappenschmiede<\/strong>  Talstra\u00dfe 60, 67487 St. Martin  Telefon:&nbsp;(0049) 6323\/6435  E-Mail: <a rel=\"noreferrer noopener\" href=\"mailto:cpwappenschmiede@hotmail.de\" target=\"_blank\">cpwappenschmiede@hotmail.de<\/a>   Website:&nbsp;<a rel=\"noreferrer noopener\" href=\"https:\/\/deref-web.de\/mail\/client\/gPWvJFCSVXc\/dereferrer\/?redirectUrl=http%3A%2F%2Fwww.pension-bergterrasse.de\" target=\"_blank\"><\/a><a rel=\"noreferrer noopener\" href=\"https:\/\/deref-web.de\/mail\/client\/U2I7goOuoFg\/dereferrer\/?redirectUrl=http%3A%2F%2FWWW.campingplatz-wappenschmiede.de\" target=\"_blank\">www.campingplatz-wappenschmiede.de<\/a><\/p>\n\n\n\n<p><strong>Weitere Campingpl\u00e4tze: <\/strong><a href=\"https:\/\/www.suedlicheweinstrasse.de\/gastgeber\/campingplaetze\">https:\/\/www.suedlicheweinstrasse.de\/gastgeber\/campingplaetze<\/a><\/p>\n\n\n\n<p><strong>Zimmer und Ferienwohnungen entlang der S\u00fcdlichen Weinstra\u00dfe finden sie unter: https:\/\/www.suedlicheweinstrasse.de\/gastgeber<\/strong><\/p>\n\n\n\n<p><strong>Ferienwohnung Fam. Bentz<\/strong>, Rambergerstra\u00dfe 5, 76889 Schweigen-Rechtenbach, Telefon: \u00a0(0049) 6342\/7021 E-Mail: j.bentz@t-online.de Website:\u00a0www.ferienwohnunganna.de<\/p>\n\n\n\n<p><\/p>\n\n\n\n<p><\/p>\n\n\n\n<p><\/p>\n\n\n\n<p style=\"line-height:0\"><strong>Unterk\u00fcnfte in Frankreich:<\/strong><\/p>\n\n\n\n<p><\/p>\n\n\n\n<p style=\"line-height:0\">Nicole Heinzelmann<\/p>\n\n\n\n<p style=\"line-height:0\">Historisches G\u00e4stehaus &#8220; Au Faucon &#8220;&nbsp;<\/p>\n\n\n\n<p style=\"line-height:0\">6 Rue du Sel&nbsp; Wbg.<\/p>\n\n\n\n<p style=\"line-height:0\">Wissembourg<\/p>\n\n\n\n<p style=\"line-height:0\">Tel. 0049 173 329 33 46<\/p>\n\n\n\n<p>&#8212;&#8212;&#8212;&#8212;&#8212;&#8212;&#8212;&#8212;&#8212;&#8212;&#8211;<\/p>\n\n\n\n<p style=\"line-height:0\">Nicolas Kany<\/p>\n\n\n\n<p style=\"line-height:0\">das Fachwerkhaus<\/p>\n\n\n\n<p style=\"line-height:0\">20 Rue du Sel&nbsp; Wbg.<\/p>\n\n\n\n<p style=\"line-height:0\">Wissembourg<\/p>\n\n\n\n<p style=\"line-height:0\">Tel: 0033 6 63 77 81 61<\/p>\n\n\n\n<p><\/p>\n\n\n\n<figure class=\"wp-block-image size-large is-resized\"><img loading=\"lazy\" decoding=\"async\" width=\"771\" height=\"810\" src=\"https:\/\/heidlauf-classics.de\/wp-content\/uploads\/2024\/05\/cb3a1bcd-62aa-4463-bd06-a229988e0afb.jpg\" alt=\"\" class=\"wp-image-3598\" style=\"width:306px;height:321px\" srcset=\"https:\/\/heidlauf-classics.de\/wp-content\/uploads\/2024\/05\/cb3a1bcd-62aa-4463-bd06-a229988e0afb.jpg 771w, https:\/\/heidlauf-classics.de\/wp-content\/uploads\/2024\/05\/cb3a1bcd-62aa-4463-bd06-a229988e0afb-286x300.jpg 286w, https:\/\/heidlauf-classics.de\/wp-content\/uploads\/2024\/05\/cb3a1bcd-62aa-4463-bd06-a229988e0afb-768x807.jpg 768w\" sizes=\"auto, (max-width: 771px) 85vw, 771px\" \/><\/figure>\n\n\n\n<p>Link zur Hotel Liste in Wissembourg: <a href=\"https:\/\/www.alsace-verte.com\/de\/Adressbuch\/Unterkunft\/Alle-Unterk%C3%BCnfte\/Seite\/2\/\">https:\/\/www.alsace-verte.com\/de\/Adressbuch\/Unterkunft\/Alle-Unterk%C3%BCnfte\/Seite\/2\/<\/a><\/p>\n","protected":false},"excerpt":{"rendered":"<p>Das Angebot reicht vom Campingplatz, \u00fcber eine pfalztypische Ferienwohnung, bis zu feinen Hotels. Achtung schnell sein! September ist in der S\u00fcdpfalz touristische Hochphase und die Zimmer erfahrungsgem\u00e4\u00df fr\u00fch ausgebucht! Maximilians Boutique-Hotel Landau Maximilianstra\u00dfe 28, 76829 Landau in der Pfalz Telefon:&nbsp;(0049) 6341 269 29 21 E-Mail:&nbsp;hotel@maximilians-landau.de Website:&nbsp;www.maximilians-landau.de &nbsp; Zum Goldenen Ochsen Marktstra\u00dfe 4, 67487 Maikammer, Deutschland &hellip; <a href=\"https:\/\/heidlauf-classics.de\/?page_id=1275\" class=\"more-link\"><span class=\"screen-reader-text\">&#8222;Unterkunftsempfehlungen&#8220; <\/span>weiterlesen<\/a><\/p>\n","protected":false},"author":1,"featured_media":0,"parent":0,"menu_order":0,"comment_status":"closed","ping_status":"closed","template":"","meta":{"footnotes":""},"class_list":["post-1275","page","type-page","status-publish","hentry"],"_links":{"self":[{"href":"https:\/\/heidlauf-classics.de\/index.php?rest_route=\/wp\/v2\/pages\/1275","targetHints":{"allow":["GET"]}}],"collection":[{"href":"https:\/\/heidlauf-classics.de\/index.php?rest_route=\/wp\/v2\/pages"}],"about":[{"href":"https:\/\/heidlauf-classics.de\/index.php?rest_route=\/wp\/v2\/types\/page"}],"author":[{"embeddable":true,"href":"https:\/\/heidlauf-classics.de\/index.php?rest_route=\/wp\/v2\/users\/1"}],"replies":[{"embeddable":true,"href":"https:\/\/heidlauf-classics.de\/index.php?rest_route=%2Fwp%2Fv2%2Fcomments&post=1275"}],"version-history":[{"count":53,"href":"https:\/\/heidlauf-classics.de\/index.php?rest_route=\/wp\/v2\/pages\/1275\/revisions"}],"predecessor-version":[{"id":5118,"href":"https:\/\/heidlauf-classics.de\/index.php?rest_route=\/wp\/v2\/pages\/1275\/revisions\/5118"}],"wp:attachment":[{"href":"https:\/\/heidlauf-classics.de\/index.php?rest_route=%2Fwp%2Fv2%2Fmedia&parent=1275"}],"curies":[{"name":"wp","href":"https:\/\/api.w.org\/{rel}","templated":true}]}}